{"id":58100,"date":"2015-04-26T15:08:38","date_gmt":"2015-04-26T18:08:38","guid":{"rendered":"http:\/\/aconteceunovale.com.br\/portal\/?page_id=58100"},"modified":"2025-01-09T09:46:36","modified_gmt":"2025-01-09T12:46:36","slug":"anuncie-no-aconteceu-no-vale","status":"publish","type":"page","link":"https:\/\/aconteceunovale.com.br\/portal\/?page_id=58100","title":{"rendered":"Anuncie no Aconteceu no Vale"},"content":{"rendered":"<h2><strong><em>O Aconteceu no Vale \u00e9 um dos principais portais de not\u00edcias do interior de Minas Gerais.<\/em><\/strong><\/h2>\n<p>Solicite um or\u00e7amento atrav\u00e9s do e-mail: contato@aconteceunovale.com.br ou pelo WhatsApp (33) 9 9906-3800.<\/p>\n<p>Banners dispon\u00edveis:<\/p>\n<table>\n<tbody>\n<tr>\n<td width=\"179\"><strong>Formato de Banner<\/strong><\/td>\n<td width=\"293\"><strong>Local de inser\u00e7\u00e3o<\/strong><\/td>\n<\/tr>\n<tr>\n<td width=\"179\">728x90px<\/td>\n<td width=\"293\">Topo de todas as p\u00e1ginas<\/td>\n<\/tr>\n<tr>\n<td width=\"179\">300x600px<\/td>\n<td width=\"293\">Lateral direita de todas as p\u00e1ginas<\/td>\n<\/tr>\n<tr>\n<td width=\"179\">300x300px<\/td>\n<td width=\"293\">Lateral direita de todas as p\u00e1ginas<\/td>\n<\/tr>\n<tr>\n<td width=\"179\">620x200px<\/td>\n<td width=\"293\">Acima de todas as not\u00edcias publicadas<\/td>\n<\/tr>\n<tr>\n<td width=\"179\">620x200px<\/td>\n<td width=\"293\">Abaixo de todas as not\u00edcias publicadas<\/td>\n<\/tr>\n<tr>\n<td width=\"179\">300x150px<\/td>\n<td width=\"293\">Lateral direita de todas as p\u00e1ginas<\/td>\n<\/tr>\n<tr>\n<td width=\"179\">728x90px<\/td>\n<td width=\"293\">Rodap\u00e9 de todas as p\u00e1ginas<\/td>\n<\/tr>\n<tr>\n<td width=\"179\">Publipost<\/td>\n<td width=\"293\">Publica\u00e7\u00e3o de not\u00edcia patrocinada + compartilhamento em todas as redes sociais do site (Facebook e Twitter, que somam mais de 250 mil seguidores). Material dever\u00e1 ser enviado pronto para divulga\u00e7\u00e3o.<\/td>\n<\/tr>\n<tr>\n<td width=\"179\">Publica\u00e7\u00e3o Social<\/td>\n<td width=\"293\">1 publica\u00e7\u00e3o di\u00e1ria no Facebook (p\u00e1gina e grupo) e Twitter do Aconteceu no Vale (juntos, as redes sociais do site somam mais de 250 mil seguidores). Material dever\u00e1 ser enviado pronto para divulga\u00e7\u00e3o.<\/td>\n<\/tr>\n<tr>\n<td width=\"179\">Publica\u00e7\u00e3o de editais e outros comunicados<\/td>\n<td width=\"293\">Publica\u00e7\u00e3o de editais e outros comunicados no link editais + compartilhamento em todas as redes sociais do site (Facebook e Twitter, que somam mais de 250 mil seguidores). Material dever\u00e1 ser enviado pronto para divulga\u00e7\u00e3o.<\/td>\n<\/tr>\n<\/tbody>\n<\/table>\n","protected":false},"excerpt":{"rendered":"<p>O Aconteceu no Vale \u00e9 um dos principais portais de not\u00edcias do interior de Minas Gerais. Solicite um or\u00e7amento atrav\u00e9s do e-mail: contato@aconteceunovale.com.br ou pelo WhatsApp (33) 9 9906-3800. Banners dispon\u00edveis: Formato de Banner Local de inser\u00e7\u00e3o 728x90px Topo de todas as p\u00e1ginas 300x600px Lateral direita de todas as p\u00e1ginas 300x300px Lateral direita de todas [&hellip;]<\/p>\n","protected":false},"author":1,"featured_media":0,"parent":0,"menu_order":0,"comment_status":"open","ping_status":"closed","template":"","meta":{"amp_status":"","footnotes":""},"class_list":["post-58100","page","type-page","status-publish","hentry"],"_links":{"self":[{"href":"https:\/\/aconteceunovale.com.br\/portal\/index.php?rest_route=\/wp\/v2\/pages\/58100","targetHints":{"allow":["GET"]}}],"collection":[{"href":"https:\/\/aconteceunovale.com.br\/portal\/index.php?rest_route=\/wp\/v2\/pages"}],"about":[{"href":"https:\/\/aconteceunovale.com.br\/portal\/index.php?rest_route=\/wp\/v2\/types\/page"}],"author":[{"embeddable":true,"href":"https:\/\/aconteceunovale.com.br\/portal\/index.php?rest_route=\/wp\/v2\/users\/1"}],"replies":[{"embeddable":true,"href":"https:\/\/aconteceunovale.com.br\/portal\/index.php?rest_route=%2Fwp%2Fv2%2Fcomments&post=58100"}],"version-history":[{"count":2,"href":"https:\/\/aconteceunovale.com.br\/portal\/index.php?rest_route=\/wp\/v2\/pages\/58100\/revisions"}],"predecessor-version":[{"id":194862,"href":"https:\/\/aconteceunovale.com.br\/portal\/index.php?rest_route=\/wp\/v2\/pages\/58100\/revisions\/194862"}],"wp:attachment":[{"href":"https:\/\/aconteceunovale.com.br\/portal\/index.php?rest_route=%2Fwp%2Fv2%2Fmedia&parent=58100"}],"curies":[{"name":"wp","href":"https:\/\/api.w.org\/{rel}","templated":true}]}}