{"id":25122,"date":"2014-03-29T12:21:22","date_gmt":"2014-03-29T15:21:22","guid":{"rendered":"http:\/\/aconteceunovale.com.br\/portal\/?page_id=25122"},"modified":"2016-07-19T12:57:46","modified_gmt":"2016-07-19T15:57:46","slug":"bruno-toledo","status":"publish","type":"page","link":"https:\/\/aconteceunovale.com.br\/portal\/?page_id=25122","title":{"rendered":"Bruno Toledo"},"content":{"rendered":"<h4><strong>Ol\u00e1 amigo leitor, mudamos o formato das publica\u00e7\u00f5es na p\u00e1gina de colunistas. Para ler uma publica\u00e7\u00e3o, escolha um dos links abaixo:<\/strong><\/h4>\n<p><a href=\"http:\/\/aconteceunovale.com.br\/portal\/?p=92417\" target=\"_blank\"><strong>&#8211; POK\u00c9MON GO: A TECNOLOGIA DO GAME DE CELULAR FEBRE NO MUNDO<\/strong><\/a><\/p>\n<p><a href=\"http:\/\/aconteceunovale.com.br\/portal\/?p=44461\" target=\"_blank\"><strong>&#8211; OS EUA PODEM DESLIGAR A INTERNET DE QUALQUER PA\u00cdS<\/strong><\/a><\/p>\n<p><a href=\"http:\/\/aconteceunovale.com.br\/portal\/?p=44461\" target=\"_blank\"><strong>&#8211; DRONE: TECNOLOGIA INVADE O ESPA\u00c7O A\u00c9REO<\/strong><\/a><\/p>\n<p><a href=\"http:\/\/aconteceunovale.com.br\/portal\/?p=38640\" target=\"_blank\"><strong>&#8211; DICAS PARA A COMPRA DE UM NOTEBOOK<\/strong><\/a><\/p>\n<p><a href=\"http:\/\/aconteceunovale.com.br\/portal\/?p=32473\" target=\"_blank\"><strong>&#8211; TECNOLOGIA NO FUTEBOL<\/strong><\/a><\/p>\n<p><a href=\"http:\/\/aconteceunovale.com.br\/portal\/?p=29928\" target=\"_blank\"><strong>&#8211; LINUX \u2013 PORQUE UTILIZAR?<\/strong><\/a><\/p>\n<p><a href=\"http:\/\/aconteceunovale.com.br\/portal\/?p=29931\" target=\"_blank\"><strong>&#8211; MARCO CIVIL DA INTERNET: O QUE MUDA NA SUA VIDA?<\/strong><\/a><\/p>\n<p><\/br><\/p>\n<h3><strong>QUEM \u00c9 BRUNO TOLEDO<\/strong><\/h3>\n<p><img decoding=\"async\" src=\"http:\/\/aconteceunovale.com.br\/portal\/wp-content\/uploads\/2014\/03\/bruno_toledo_coluna_grande.jpg\" alt=\"\" \/><\/p>\n<p>Professor de Inform\u00e1tica do Instituto Federal de Educa\u00e7\u00e3o, Ci\u00eancia e Tecnologia de Minas Gerais, natural de Governador Valadares, cidade localizada no leste de Minas Gerais. Bacharel em Ci\u00eancia da Computa\u00e7\u00e3o pela Universidade Vale do Rio Doce &#8211; UNIVALE, P\u00f3s Gradua\u00e7\u00e3o em Inform\u00e1tica na Educa\u00e7\u00e3o pela Universidade Federal de Lavras &#8211; UFLA e Licenciatura em Matem\u00e1tica pela Faculdade de Nova Ven\u00e9cia &#8211; UNIVEN. Mestrando em Sistemas de Informa\u00e7\u00e3o e Gest\u00e3o do Conhecimento pela Universidade FUMEC em Belo Horizonte. Atuou com coordena\u00e7\u00e3o de curso superior de Inform\u00e1tica no Instituto Federal de Minas Gerais. Desenvolve projetos na \u00e1rea de tecnologia envolvendo inform\u00e1tica na educa\u00e7\u00e3o e tamb\u00e9m computador e sociedade. Amante de futebol e de tecnologia, hoje integra a equipe do Portal ACONTECEU NO VALE, onde trar\u00e1 um pouco de sua experi\u00eancia na \u00e1rea de tecnologia.<\/p>\n","protected":false},"excerpt":{"rendered":"<p>Ol\u00e1 amigo leitor, mudamos o formato das publica\u00e7\u00f5es na p\u00e1gina de colunistas. Para ler uma publica\u00e7\u00e3o, escolha um dos links abaixo: &#8211; POK\u00c9MON GO: A TECNOLOGIA DO GAME DE CELULAR FEBRE NO MUNDO &#8211; OS EUA PODEM DESLIGAR A INTERNET DE QUALQUER PA\u00cdS &#8211; DRONE: TECNOLOGIA INVADE O ESPA\u00c7O A\u00c9REO &#8211; DICAS PARA A COMPRA [&hellip;]<\/p>\n","protected":false},"author":1,"featured_media":25123,"parent":0,"menu_order":0,"comment_status":"open","ping_status":"closed","template":"","meta":{"amp_status":"","footnotes":""},"class_list":["post-25122","page","type-page","status-publish","has-post-thumbnail","hentry"],"_links":{"self":[{"href":"https:\/\/aconteceunovale.com.br\/portal\/index.php?rest_route=\/wp\/v2\/pages\/25122","targetHints":{"allow":["GET"]}}],"collection":[{"href":"https:\/\/aconteceunovale.com.br\/portal\/index.php?rest_route=\/wp\/v2\/pages"}],"about":[{"href":"https:\/\/aconteceunovale.com.br\/portal\/index.php?rest_route=\/wp\/v2\/types\/page"}],"author":[{"embeddable":true,"href":"https:\/\/aconteceunovale.com.br\/portal\/index.php?rest_route=\/wp\/v2\/users\/1"}],"replies":[{"embeddable":true,"href":"https:\/\/aconteceunovale.com.br\/portal\/index.php?rest_route=%2Fwp%2Fv2%2Fcomments&post=25122"}],"version-history":[{"count":0,"href":"https:\/\/aconteceunovale.com.br\/portal\/index.php?rest_route=\/wp\/v2\/pages\/25122\/revisions"}],"wp:featuredmedia":[{"embeddable":true,"href":"https:\/\/aconteceunovale.com.br\/portal\/index.php?rest_route=\/wp\/v2\/media\/25123"}],"wp:attachment":[{"href":"https:\/\/aconteceunovale.com.br\/portal\/index.php?rest_route=%2Fwp%2Fv2%2Fmedia&parent=25122"}],"curies":[{"name":"wp","href":"https:\/\/api.w.org\/{rel}","templated":true}]}}