{"id":22910,"date":"2014-03-05T12:13:05","date_gmt":"2014-03-05T15:13:05","guid":{"rendered":"http:\/\/aconteceunovale.com.br\/portal\/?page_id=22910"},"modified":"2015-04-15T11:31:04","modified_gmt":"2015-04-15T14:31:04","slug":"marli-andrade","status":"publish","type":"page","link":"https:\/\/aconteceunovale.com.br\/portal\/?page_id=22910","title":{"rendered":"Marli Andrade"},"content":{"rendered":"<h4><strong>Ol\u00e1 amigo leitor, mudamos o formato das publica\u00e7\u00f5es na p\u00e1gina de colunistas. Para ler uma publica\u00e7\u00e3o, escolha um dos links abaixo:<\/strong><\/h4>\n<p><img decoding=\"async\" src=\"http:\/\/aconteceunovale.com.br\/portal\/wp-content\/uploads\/2014\/03\/marli_andrade_contato_coluna.jpg\" alt=\"\" \/><br \/>\n<\/br><\/p>\n<p><a href=\"http:\/\/aconteceunovale.com.br\/portal\/?p=57358\" target=\"_blank\"><strong>&#8211; A FANT\u00c1STICA VIDA DE SUCESSO DE UMA PESSOA COMUM<\/strong><\/a><\/p>\n<p><a href=\"http:\/\/aconteceunovale.com.br\/portal\/?p=39486\" target=\"_blank\"><strong>&#8211; A HIPOCRISIA DA COLOCA\u00c7\u00c3O<\/strong><\/a><\/p>\n<p><a href=\"http:\/\/aconteceunovale.com.br\/portal\/?p=38090\" target=\"_blank\"><strong>&#8211; OPINI\u00c3O<\/strong><\/a><\/p>\n<p><a href=\"http:\/\/aconteceunovale.com.br\/portal\/?p=37312\" target=\"_blank\"><strong>&#8211; A IDIOTICE DO &#8220;HUMOR&#8221; QUE N\u00c3O TEM GRA\u00c7A EST\u00c1 DOMINANDO ESTA GERA\u00c7\u00c3O?<\/strong><\/a><\/p>\n<p><a href=\"http:\/\/aconteceunovale.com.br\/portal\/?p=36621\" target=\"_blank\"><strong>&#8211; E QUANDO TUDO VAI MAL?<\/strong><\/a><\/p>\n<p><a href=\"http:\/\/aconteceunovale.com.br\/portal\/?p=35626\" target=\"_blank\"><strong>&#8211; SOMOS AS BELEZAS QUE H\u00c1 EM N\u00d3S&#8230;<\/strong><\/a><\/p>\n<p><a href=\"http:\/\/aconteceunovale.com.br\/portal\/?p=35028\" target=\"_blank\"><strong>&#8211; NINGU\u00c9M MOTIVA NINGU\u00c9M<\/strong><\/a><\/p>\n<p><a href=\"http:\/\/aconteceunovale.com.br\/portal\/?p=34084\" target=\"_blank\"><strong>&#8211; COMO ASSIM? N\u00c3O SE PODE MAIS TER OPINI\u00c3O?<\/strong><\/a><\/p>\n<p><a href=\"http:\/\/aconteceunovale.com.br\/portal\/?p=31574\" target=\"_blank\"><strong>&#8211; AMIZADES STROGONOFICAMENTE GOSTOSAS<\/strong><\/a><\/p>\n<p><a href=\"http:\/\/aconteceunovale.com.br\/portal\/?p=29947\" target=\"_blank\"><strong>&#8211; A NOSSA &#8220;FOME&#8221; QUE DETERMINA NOSSA CORAGEM<\/strong><\/a><\/p>\n<p><a href=\"http:\/\/aconteceunovale.com.br\/portal\/?p=29945\" target=\"_blank\"><strong>&#8211; AS PESSOAS EST\u00c3O SE TORNANDO MAIS FALSAS OU N\u00d3S QUE ESTAMOS MENOS TOLERANTES?<\/strong><\/a><\/p>\n<p><a href=\"http:\/\/aconteceunovale.com.br\/portal\/?p=29943\" target=\"_blank\"><strong>&#8211; INVEJA: A DOR POR N\u00c3O SER OU TER O QUE O OUTRO \u00c9 OU TEM<\/strong><\/a><\/p>\n<p><a href=\"http:\/\/aconteceunovale.com.br\/portal\/?p=29941\" target=\"_blank\"><strong>&#8211; EMPRESA DE SUCESSO \u00c9 COMPOSTA POR PROFISSIONAIS DE SUCESSO<\/strong><\/a><\/p>\n<p><a href=\"http:\/\/aconteceunovale.com.br\/portal\/?p=29939\" target=\"_blank\"><strong>&#8211; QUEM SE VALORIZA, VALORIZA O POTENCIAL DO OUTRO E JUNTOS, CRESCEM SENDO ADMIRADOS<\/strong><\/a><\/p>\n<p><a href=\"http:\/\/aconteceunovale.com.br\/portal\/?p=29937\" target=\"_blank\"><strong>&#8211; A BUSCA PELA FELICIDADE PODE NOS CAUSAR TRISTEZA, S\u00d3 QUE ELA TAMB\u00c9M TEM SEUS BENEF\u00cdCIOS <\/strong><\/a><\/p>\n<p><a href=\"http:\/\/aconteceunovale.com.br\/portal\/?p=29934\" target=\"_blank\"><strong>&#8211; O PODER DO INCONSCIENTE NAS DIFERENTES FASES DE VIDA<\/strong><\/a><\/p>\n<p><\/br><\/p>\n<h1 style=\"text-align: center;\">Quem \u00e9 Marli Andrade?<\/h1>\n<p><img decoding=\"async\" class=\"aligncenter\" alt=\"\" src=\"http:\/\/aconteceunovale.com.br\/portal\/wp-content\/uploads\/2014\/03\/marli_andrade_33.jpg\" \/><\/p>\n<p>Marli Andrade \u00e9 Psicanalista e Psicopedagoga, Doutoranda em Psicologia Social pela Universidade Argentina John Kennedy em Buenos Aires, defendendo a tese: \u201cA influ\u00eancia da subjetividade nas intera\u00e7\u00f5es profissionais\u201d.<\/p>\n<p>Escritora do livro <em>\u201c<strong>Primeiro voc\u00ea sonha, depois voc\u00ea dorme<\/strong>\u201d<\/em>, catalogado pela C\u00e2mara Nacional do Livro, sob o cat\u00e1logo sistem\u00e1tico: Autoconhecimento, Comportamento social, Conduta de vida, Equil\u00edbrio (Psicologia), Inconsciente, Realiza\u00e7\u00e3o pessoal, Rela\u00e7\u00f5es interpessoais, Sonhos e Sucesso profissional.<\/p>\n<p>Atua com palestras e treinamentos em institui\u00e7\u00f5es p\u00fablicas e privadas, disponibilizando t\u00e9cnicas para que cada participante possa construir suas pr\u00f3prias estrat\u00e9gias para a gest\u00e3o intra e interpessoal.<\/p>\n<p style=\"text-align: center;\"><strong>Marli Andrade<\/strong><br \/>\nPsicanalista e Psicopedagoga<br \/>\nDoutoranda em Psicologia Social<br \/>\nCNP Espo n\u00ba 0705-59<br \/>\nCNPJ 18.183.436\/ 0001-29<\/p>\n<p><img decoding=\"async\" src=\"http:\/\/aconteceunovale.com.br\/portal\/wp-content\/uploads\/2014\/03\/marli_andrade_contato_coluna.jpg\" alt=\"\" \/><br \/>\n<\/br><\/p>\n","protected":false},"excerpt":{"rendered":"<p>Ol\u00e1 amigo leitor, mudamos o formato das publica\u00e7\u00f5es na p\u00e1gina de colunistas. Para ler uma publica\u00e7\u00e3o, escolha um dos links abaixo: &#8211; A FANT\u00c1STICA VIDA DE SUCESSO DE UMA PESSOA COMUM &#8211; A HIPOCRISIA DA COLOCA\u00c7\u00c3O &#8211; OPINI\u00c3O &#8211; A IDIOTICE DO &#8220;HUMOR&#8221; QUE N\u00c3O TEM GRA\u00c7A EST\u00c1 DOMINANDO ESTA GERA\u00c7\u00c3O? &#8211; E QUANDO TUDO [&hellip;]<\/p>\n","protected":false},"author":1,"featured_media":22915,"parent":0,"menu_order":0,"comment_status":"open","ping_status":"closed","template":"","meta":{"amp_status":"","footnotes":""},"class_list":["post-22910","page","type-page","status-publish","has-post-thumbnail","hentry"],"_links":{"self":[{"href":"https:\/\/aconteceunovale.com.br\/portal\/index.php?rest_route=\/wp\/v2\/pages\/22910","targetHints":{"allow":["GET"]}}],"collection":[{"href":"https:\/\/aconteceunovale.com.br\/portal\/index.php?rest_route=\/wp\/v2\/pages"}],"about":[{"href":"https:\/\/aconteceunovale.com.br\/portal\/index.php?rest_route=\/wp\/v2\/types\/page"}],"author":[{"embeddable":true,"href":"https:\/\/aconteceunovale.com.br\/portal\/index.php?rest_route=\/wp\/v2\/users\/1"}],"replies":[{"embeddable":true,"href":"https:\/\/aconteceunovale.com.br\/portal\/index.php?rest_route=%2Fwp%2Fv2%2Fcomments&post=22910"}],"version-history":[{"count":0,"href":"https:\/\/aconteceunovale.com.br\/portal\/index.php?rest_route=\/wp\/v2\/pages\/22910\/revisions"}],"wp:featuredmedia":[{"embeddable":true,"href":"https:\/\/aconteceunovale.com.br\/portal\/index.php?rest_route=\/wp\/v2\/media\/22915"}],"wp:attachment":[{"href":"https:\/\/aconteceunovale.com.br\/portal\/index.php?rest_route=%2Fwp%2Fv2%2Fmedia&parent=22910"}],"curies":[{"name":"wp","href":"https:\/\/api.w.org\/{rel}","templated":true}]}}