{"id":12664,"date":"2013-10-24T23:39:54","date_gmt":"2013-10-24T23:39:54","guid":{"rendered":"http:\/\/aconteceunovale.com.br\/portal\/?page_id=12664"},"modified":"2013-10-24T23:39:54","modified_gmt":"2013-10-24T23:39:54","slug":"enviar-conteudo","status":"publish","type":"page","link":"https:\/\/aconteceunovale.com.br\/portal\/?page_id=12664","title":{"rendered":"Enviar Conte\u00fado"},"content":{"rendered":"<p>Colabore com o portal Aconteceu no Vale, envie as not\u00edcias da sua cidade para a nossa reda\u00e7\u00e3o.\u00a0 Envie um e-mail para: contato@aconteceunovale.com.br<\/p>\n<p>Contamos com voc\u00ea!<\/p>\n","protected":false},"excerpt":{"rendered":"<p>Colabore com o portal Aconteceu no Vale, envie as not\u00edcias da sua cidade para a nossa reda\u00e7\u00e3o.\u00a0 Envie um e-mail para: contato@aconteceunovale.com.br Contamos com voc\u00ea!<\/p>\n","protected":false},"author":1,"featured_media":0,"parent":0,"menu_order":0,"comment_status":"open","ping_status":"open","template":"","meta":{"amp_status":"","footnotes":""},"class_list":["post-12664","page","type-page","status-publish","hentry"],"_links":{"self":[{"href":"https:\/\/aconteceunovale.com.br\/portal\/index.php?rest_route=\/wp\/v2\/pages\/12664","targetHints":{"allow":["GET"]}}],"collection":[{"href":"https:\/\/aconteceunovale.com.br\/portal\/index.php?rest_route=\/wp\/v2\/pages"}],"about":[{"href":"https:\/\/aconteceunovale.com.br\/portal\/index.php?rest_route=\/wp\/v2\/types\/page"}],"author":[{"embeddable":true,"href":"https:\/\/aconteceunovale.com.br\/portal\/index.php?rest_route=\/wp\/v2\/users\/1"}],"replies":[{"embeddable":true,"href":"https:\/\/aconteceunovale.com.br\/portal\/index.php?rest_route=%2Fwp%2Fv2%2Fcomments&post=12664"}],"version-history":[{"count":0,"href":"https:\/\/aconteceunovale.com.br\/portal\/index.php?rest_route=\/wp\/v2\/pages\/12664\/revisions"}],"wp:attachment":[{"href":"https:\/\/aconteceunovale.com.br\/portal\/index.php?rest_route=%2Fwp%2Fv2%2Fmedia&parent=12664"}],"curies":[{"name":"wp","href":"https:\/\/api.w.org\/{rel}","templated":true}]}}