{"id":11265,"date":"2012-04-30T23:56:42","date_gmt":"2012-04-30T23:56:42","guid":{"rendered":"http:\/\/www.phillygameday.com\/dev\/?page_id=11265"},"modified":"2013-10-13T21:16:45","modified_gmt":"2013-10-13T21:16:45","slug":"about","status":"publish","type":"page","link":"https:\/\/aconteceunovale.com.br\/portal\/?page_id=11265","title":{"rendered":"Quem Somos"},"content":{"rendered":"<p>\u00c9 um prazer receb\u00ea-lo em nosso site. Ficamos ainda mais honrados com seu interesse em nos conhecer melhor.<\/p>\n<p>O Site Aconteceu no Vale nasceu para suprir uma lacuna at\u00e9 ent\u00e3o existente nos Vales do Jequitinhonha, Rio Doce e Mucuri de um meio de comunica\u00e7\u00e3o que disponibilizasse os \u00faltimos acontecimentos da regi\u00e3o com\u00a0 efici\u00eancia.<\/p>\n<p>Mais do que saber o que quer\u00edamos, sab\u00edamos o que n\u00e3o quer\u00edamos para este portal. Essa foi uma boa largada para o projeto. Quer\u00edamos um site que veiculasse not\u00edcias com um s\u00f3 lado: o do interesse p\u00fablico. Porque sabemos o qu\u00e3o prejudicial \u00e9, para a regi\u00e3o e o pa\u00eds, quando interesses pessoais se sobrep\u00f5em aos da informa\u00e7\u00e3o e da sociedade. Quer\u00edamos um site com not\u00edcias do dia-a-dia da regi\u00e3o e da sua gente. O que n\u00e3o quer\u00edamos \u00e9 um espa\u00e7o voltado apenas a meias verdades. Por isso fizemos um site de acesso livre, democr\u00e1tico e plural, porque tamb\u00e9m sabemos que os fatos t\u00eam mais de um lado.<\/p>\n<p>Nosso objetivo n\u00e3o \u00e9 concorrer com os demais ve\u00edculos de comunica\u00e7\u00e3o j\u00e1 existentes na regi\u00e3o, mas sim agregar a esse segmento mais uma alternativa para a comunidade regional.<\/p>\n<p>Enquanto ve\u00edculo de comunica\u00e7\u00e3o, nosso leitor pode ter certeza de que estabelecemos um compromisso em sermos verdadeiros e \u00e9ticos, n\u00e3o s\u00f3 na divulga\u00e7\u00e3o de informa\u00e7\u00f5es, mas no dia-a-dia, no tratamento com as pessoas, nos caminhos que escolhemos seguir.<\/p>\n<p>Vale destacar que o site Aconteceu no Vale \u00e9 um ve\u00edculo de comunica\u00e7\u00e3o aberto preocupado com a sociedade em que est\u00e1 inserido, e n\u00e3o recear\u00e1 em divulgar ou questionar o qu\u00ea, quando ou quem, est\u00e1 em evid\u00eancia e seja de interesse p\u00fablico.<\/p>\n<p>Dessa maneira, o site Aconteceu no Vale est\u00e1 \u00e0 disposi\u00e7\u00e3o da comunidade regional para oferecer a verdade, e que esta se reverta em desenvolvimento. Assim, quem caminha junto com o site Aconteceu no Vale, caminha rumo ao futuro com agilidade e transpar\u00eancia.<\/p>\n<p><strong>NOSSA MISS\u00c3O<\/strong><\/p>\n<p>Propiciar aos nossos leitores e clientes informa\u00e7\u00e3o com agilidade e credibilidade dentro de uma conduta \u00e9tica e transparente.<\/p>\n<p><strong>NOSSA VIS\u00c3O<\/strong><\/p>\n<p>Consolidar-se como o Site de noticias l\u00edder na prefer\u00eancia regional.<\/p>\n<p><strong>NOSSOS VALORES<\/strong><\/p>\n<p>&#8211; \u00c9tica;<br \/>\n&#8211; Imparcialidade;<br \/>\n&#8211; Agilidade;<br \/>\n&#8211; Respeito ao indiv\u00edduo;<br \/>\n&#8211; Responsabilidade Social;<br \/>\n&#8211; Respeitar sempre o pr\u00f3ximo;<br \/>\n&#8211; Trabalhar com \u00e9tica e de forma transparente;<br \/>\n&#8211; Inovar constantemente;<\/p>\n<p><strong>FALE COM A REDA\u00c7\u00c3O<\/strong><br \/>\ncontato@aconteceunovale.com.br<\/p>\n","protected":false},"excerpt":{"rendered":"<p>\u00c9 um prazer receb\u00ea-lo em nosso site. Ficamos ainda mais honrados com seu interesse em nos conhecer melhor. O Site Aconteceu no Vale nasceu para suprir uma lacuna at\u00e9 ent\u00e3o existente nos Vales do Jequitinhonha, Rio Doce e Mucuri de um meio de comunica\u00e7\u00e3o que disponibilizasse os \u00faltimos acontecimentos da regi\u00e3o com\u00a0 efici\u00eancia. Mais do [&hellip;]<\/p>\n","protected":false},"author":1,"featured_media":0,"parent":0,"menu_order":0,"comment_status":"open","ping_status":"open","template":"","meta":{"amp_status":"","footnotes":""},"class_list":["post-11265","page","type-page","status-publish","hentry"],"_links":{"self":[{"href":"https:\/\/aconteceunovale.com.br\/portal\/index.php?rest_route=\/wp\/v2\/pages\/11265","targetHints":{"allow":["GET"]}}],"collection":[{"href":"https:\/\/aconteceunovale.com.br\/portal\/index.php?rest_route=\/wp\/v2\/pages"}],"about":[{"href":"https:\/\/aconteceunovale.com.br\/portal\/index.php?rest_route=\/wp\/v2\/types\/page"}],"author":[{"embeddable":true,"href":"https:\/\/aconteceunovale.com.br\/portal\/index.php?rest_route=\/wp\/v2\/users\/1"}],"replies":[{"embeddable":true,"href":"https:\/\/aconteceunovale.com.br\/portal\/index.php?rest_route=%2Fwp%2Fv2%2Fcomments&post=11265"}],"version-history":[{"count":0,"href":"https:\/\/aconteceunovale.com.br\/portal\/index.php?rest_route=\/wp\/v2\/pages\/11265\/revisions"}],"wp:attachment":[{"href":"https:\/\/aconteceunovale.com.br\/portal\/index.php?rest_route=%2Fwp%2Fv2%2Fmedia&parent=11265"}],"curies":[{"name":"wp","href":"https:\/\/api.w.org\/{rel}","templated":true}]}}